{"id":441,"date":"2024-06-15T12:46:32","date_gmt":"2024-06-15T10:46:32","guid":{"rendered":"https:\/\/mayadigit.com\/?page_id=441"},"modified":"2024-11-07T08:17:59","modified_gmt":"2024-11-07T07:17:59","slug":"business-plan","status":"publish","type":"page","link":"https:\/\/mayadigit.com\/index.php\/business-plan\/","title":{"rendered":"Business plan"},"content":{"rendered":"<p>[et_pb_section fb_built=\u00a0\u00bb1&Prime; admin_label=\u00a0\u00bbHeader\u00a0\u00bb _builder_version=\u00a0\u00bb4.22.1&Prime; background_color=\u00a0\u00bb#E02B20&Prime; use_background_color_gradient=\u00a0\u00bbon\u00a0\u00bb background_color_gradient_stops=\u00a0\u00bbrgba(23,0,190,0.3) 0%|rgba(23,0,190,0.9) 64%\u00a0\u00bb background_color_gradient_overlays_image=\u00a0\u00bbon\u00a0\u00bb background_color_gradient_start=\u00a0\u00bbrgba(23,0,190,0.3)\u00a0\u00bb background_color_gradient_end=\u00a0\u00bbrgba(23,0,190,0.9)\u00a0\u00bb background_color_gradient_end_position=\u00a0\u00bb64%\u00a0\u00bb background_image=\u00a0\u00bbhttps:\/\/mayadigit.com\/wp-content\/uploads\/2024\/05\/changez-donne-photo-femme-affaires-assise-dans-bureau.jpg\u00a0\u00bb custom_padding=\u00a0\u00bb10vw||0vw||false|false\u00a0\u00bb global_colors_info=\u00a0\u00bb{}\u00a0\u00bb][et_pb_row _builder_version=\u00a0\u00bb4.22.1&Prime; background_color=\u00a0\u00bbRGBA(255,255,255,0)\u00a0\u00bb z_index=\u00a0\u00bb10&Prime; max_width=\u00a0\u00bbnone\u00a0\u00bb global_colors_info=\u00a0\u00bb{}\u00a0\u00bb][et_pb_column type=\u00a0\u00bb4_4&Prime; _builder_version=\u00a0\u00bb4.16&Prime; global_colors_info=\u00a0\u00bb{}\u00a0\u00bb][et_pb_text _builder_version=\u00a0\u00bb4.22.1&Prime; text_font_size=\u00a0\u00bb16px\u00a0\u00bb text_line_height=\u00a0\u00bb1.8em\u00a0\u00bb header_font=\u00a0\u00bbKanit|700|||||||\u00a0\u00bb header_font_size=\u00a0\u00bb8vw\u00a0\u00bb background_layout=\u00a0\u00bbdark\u00a0\u00bb width=\u00a0\u00bb70%\u00a0\u00bb custom_padding=\u00a0\u00bb|||0px||\u00a0\u00bb header_font_size_tablet=\u00a0\u00bb\u00a0\u00bb header_font_size_phone=\u00a0\u00bb42px\u00a0\u00bb header_font_size_last_edited=\u00a0\u00bbon|phone\u00a0\u00bb global_colors_info=\u00a0\u00bb{}\u00a0\u00bb]<\/p>\n<h1><strong>BUSINESS PLAN<\/strong><\/h1>\n<p>[\/et_pb_text][et_pb_text _builder_version=\u00a0\u00bb4.16&Prime; text_font_size=\u00a0\u00bb16px\u00a0\u00bb text_line_height=\u00a0\u00bb1.8em\u00a0\u00bb background_layout=\u00a0\u00bbdark\u00a0\u00bb max_width=\u00a0\u00bb600px\u00a0\u00bb custom_padding=\u00a0\u00bb||0px|||\u00a0\u00bb global_colors_info=\u00a0\u00bb{}\u00a0\u00bb]<\/p>\n<p>CONFIEZ NOUS L&rsquo;ELABORATION DE VOTRE BUSINESS PLAN<\/p>\n<p>[\/et_pb_text][et_pb_button button_text=\u00a0\u00bbCONTACTEZ-NOUS\u00a0\u00bb _builder_version=\u00a0\u00bb4.22.1&Prime; custom_button=\u00a0\u00bbon\u00a0\u00bb button_text_color=\u00a0\u00bb#1700bd\u00a0\u00bb button_bg_color=\u00a0\u00bb#ffffff\u00a0\u00bb button_border_color=\u00a0\u00bbrgba(0,0,0,0)\u00a0\u00bb button_border_radius=\u00a0\u00bb0px\u00a0\u00bb button_font=\u00a0\u00bbKanit|700|||||||\u00a0\u00bb button_icon=\u00a0\u00bb&#x24;||divi||400&Prime; background_layout=\u00a0\u00bbdark\u00a0\u00bb custom_padding=\u00a0\u00bb15px|40px|15px|40px|true|true\u00a0\u00bb locked=\u00a0\u00bboff\u00a0\u00bb global_colors_info=\u00a0\u00bb{}\u00a0\u00bb][\/et_pb_button][\/et_pb_column][\/et_pb_row][\/et_pb_section][et_pb_section fb_built=\u00a0\u00bb1&Prime; admin_label=\u00a0\u00bbServices\u00a0\u00bb _builder_version=\u00a0\u00bb4.16&Prime; global_colors_info=\u00a0\u00bb{}\u00a0\u00bb][et_pb_row _builder_version=\u00a0\u00bb4.16&Prime; global_colors_info=\u00a0\u00bb{}\u00a0\u00bb custom_padding=\u00a0\u00bb||1px|||\u00a0\u00bb][et_pb_column type=\u00a0\u00bb4_4&Prime; _builder_version=\u00a0\u00bb4.16&Prime; global_colors_info=\u00a0\u00bb{}\u00a0\u00bb][et_pb_text _builder_version=\u00a0\u00bb4.16&Prime; header_2_font=\u00a0\u00bbKanit|700|||||||\u00a0\u00bb header_2_text_align=\u00a0\u00bbcenter\u00a0\u00bb header_2_font_size=\u00a0\u00bb48px\u00a0\u00bb header_2_line_height=\u00a0\u00bb1.2em\u00a0\u00bb module_alignment=\u00a0\u00bbcenter\u00a0\u00bb header_2_font_size_tablet=\u00a0\u00bb\u00a0\u00bb header_2_font_size_phone=\u00a0\u00bb30px\u00a0\u00bb header_2_font_size_last_edited=\u00a0\u00bbon|phone\u00a0\u00bb global_colors_info=\u00a0\u00bb{}\u00a0\u00bb]<\/p>\n<p><strong><span style=\"font-size: 18.0pt;\">Transformez votre vision en succ\u00e8s avec un business plan sur mesure, con\u00e7u pour captiver vos investisseurs et guider votre croissance.\u00a0\u00bb<\/span><\/strong><span style=\"font-size: 18.0pt;\"><o:p><\/o:p><\/span><\/p>\n<p><strong>\u00a0\u00bb Nous cr\u00e9ons des business plans convaincants et adapt\u00e9s \u00e0 votre secteur, pour maximiser vos chances de financement et b\u00e2tir une entreprise solide.\u00a0\u00bb<\/strong><o:p><\/o:p><\/p>\n<p>[\/et_pb_text][\/et_pb_column][\/et_pb_row][et_pb_row _builder_version=\u00a0\u00bb4.22.1&Prime; _module_preset=\u00a0\u00bbdefault\u00a0\u00bb][et_pb_column _builder_version=\u00a0\u00bb4.22.1&Prime; _module_preset=\u00a0\u00bbdefault\u00a0\u00bb type=\u00a0\u00bb4_4&Prime;][et_pb_blurb title=\u00a0\u00bbLes Risques de Lancer Votre Entreprise Sans Business Plan\u00a0\u00bb image=\u00a0\u00bbhttps:\/\/mayadigit.com\/wp-content\/uploads\/2024\/06\/coup-moyen-femme-economiste-travaillant-ordinateur-portable-scaled.jpg\u00a0\u00bb _builder_version=\u00a0\u00bb4.22.1&Prime; _module_preset=\u00a0\u00bbdefault\u00a0\u00bb title_text=\u00a0\u00bbcoup-moyen-femme-economiste-travaillant-ordinateur-portable\u00a0\u00bb hover_enabled=\u00a0\u00bb0&Prime; sticky_enabled=\u00a0\u00bb0&Prime;]<\/p>\n<p>Lancer ou g\u00e9rer une entreprise sans business plan, c\u2019est comme naviguer en pleine mer sans boussole. En l&rsquo;absence d&rsquo;un plan structur\u00e9, les entrepreneurs se retrouvent souvent confront\u00e9s \u00e0 plusieurs obstacles qui freinent leur progression :<\/p>\n<ul>\n<li><strong>Manque de direction<\/strong> : Sans une vision claire et des objectifs bien d\u00e9finis, il devient difficile pour l\u2019entrepreneur de prioriser ses actions et de mobiliser efficacement ses ressources. Le risque de dispersion est \u00e9lev\u00e9, et il peut vite devenir difficile de garder le cap sur les objectifs initiaux.<\/li>\n<li><strong>Difficult\u00e9s \u00e0 obtenir des financements<\/strong> : Les investisseurs et les institutions financi\u00e8res s\u2019attendent \u00e0 voir un plan d\u2019affaires bien document\u00e9 avant d\u2019engager des fonds. Sans cela, il est presque impossible de d\u00e9montrer la viabilit\u00e9 et le potentiel de croissance du projet, et les demandes de financement sont souvent rejet\u00e9es.<\/li>\n<li><strong>Absence de pr\u00e9visions financi\u00e8res<\/strong> : Un manque de projections claires peut entra\u00eener des erreurs de gestion financi\u00e8re. De nombreux entrepreneurs finissent par sous-estimer leurs co\u00fbts ou surestimer leurs revenus, ce qui met en p\u00e9ril la survie de leur entreprise.<\/li>\n<li><strong>Difficult\u00e9s \u00e0 anticiper les impr\u00e9vus<\/strong> : Sans une analyse des risques et une planification strat\u00e9gique, les entreprises sont plus vuln\u00e9rables aux impr\u00e9vus \u00e9conomiques ou aux fluctuations du march\u00e9, ce qui peut entra\u00eener des crises internes difficiles \u00e0 g\u00e9rer.<\/li>\n<\/ul>\n<p>[\/et_pb_blurb][\/et_pb_column][\/et_pb_row][et_pb_row column_structure=\u00a0\u00bb1_3,1_3,1_3&Prime; _builder_version=\u00a0\u00bb4.16&Prime; global_colors_info=\u00a0\u00bb{}\u00a0\u00bb][et_pb_column type=\u00a0\u00bb1_3&Prime; _builder_version=\u00a0\u00bb4.16&Prime; global_colors_info=\u00a0\u00bb{}\u00a0\u00bb][et_pb_blurb image=\u00a0\u00bbhttps:\/\/mayadigit.com\/wp-content\/uploads\/2024\/04\/host-channel-african-talking-broadcast-financial-graph-tastemaker-scaled.jpg\u00a0\u00bb _builder_version=\u00a0\u00bb4.22.1&Prime; header_font=\u00a0\u00bbKanit|700|||||||\u00a0\u00bb header_font_size=\u00a0\u00bb24px\u00a0\u00bb header_line_height=\u00a0\u00bb1.4em\u00a0\u00bb body_line_height=\u00a0\u00bb1.8em\u00a0\u00bb animation=\u00a0\u00bboff\u00a0\u00bb scroll_horizontal_motion_enable=\u00a0\u00bbon\u00a0\u00bb scroll_horizontal_motion=\u00a0\u00bb0|50|50|100|-1|0|0&Prime; hover_enabled=\u00a0\u00bb0&Prime; text_orientation_tablet=\u00a0\u00bbcenter\u00a0\u00bb text_orientation_phone=\u00a0\u00bb\u00a0\u00bb text_orientation_last_edited=\u00a0\u00bbon|tablet\u00a0\u00bb scroll_horizontal_motion_tablet=\u00a0\u00bb0|50|50|100|0|0|0&Prime; scroll_horizontal_motion_phone=\u00a0\u00bb\u00a0\u00bb scroll_horizontal_motion_last_edited=\u00a0\u00bbon|tablet\u00a0\u00bb global_colors_info=\u00a0\u00bb{}\u00a0\u00bb title=\u00a0\u00bbNous avons la solution \u00e0 votre probl\u00e8me\u00a0\u00bb sticky_enabled=\u00a0\u00bb0&Prime;]<\/p>\n<p style=\"text-align: left;\">Nous avons d\u00e9velopp\u00e9 un processus structur\u00e9 et \u00e9prouv\u00e9 pour cr\u00e9er des business plans sur mesure, con\u00e7us pour accompagner les entrepreneurs dans la r\u00e9ussite de leur projet. Chaque plan que nous \u00e9laborons est le fruit d&rsquo;une m\u00e9thodologie rigoureuse, int\u00e9grant des analyses strat\u00e9giques et financi\u00e8res adapt\u00e9es \u00e0 votre secteur d\u2019activit\u00e9.<\/p>\n<ol style=\"text-align: left;\">\n<li><strong>Processus d\u00e9taill\u00e9<\/strong> : La cr\u00e9ation d\u2019un business plan chez MayaDigit Consulting passe par plusieurs \u00e9tapes essentielles :<\/li>\n<\/ol>\n<ol>\n<ul style=\"text-align: left;\">\n<li><strong>Analyse et consultation initiale<\/strong> : Nous d\u00e9butons par un entretien approfondi avec l\u2019entrepreneur pour bien comprendre sa vision, ses besoins, et les sp\u00e9cificit\u00e9s de son projet.<\/li>\n<li><strong>\u00c9tude de march\u00e9 et recherche sectorielle<\/strong> : Nous r\u00e9alisons une analyse approfondie du march\u00e9 cible, des tendances de l&rsquo;industrie et de la concurrence, afin de vous fournir une base solide de donn\u00e9es pour orienter vos d\u00e9cisions.<\/li>\n<li><strong>Strat\u00e9gie d\u2019entreprise et positionnement<\/strong> : Sur la base de nos recherches, nous concevons une strat\u00e9gie claire et une proposition de valeur convaincante qui vous d\u00e9marque de la concurrence.<\/li>\n<li><strong>Mod\u00e9lisation financi\u00e8re et projections<\/strong> : Nous d\u00e9veloppons des projections financi\u00e8res d\u00e9taill\u00e9es et r\u00e9alistes, incluant les pr\u00e9visions de revenus, de d\u00e9penses et de flux de tr\u00e9sorerie, afin d\u2019assurer une planification financi\u00e8re solide.<\/li>\n<li><strong>R\u00e9daction finale et r\u00e9visions<\/strong> : Nous compilons toutes les informations en un document structur\u00e9 et professionnel, qui peut \u00eatre pr\u00e9sent\u00e9 aux investisseurs et partenaires potentiels. Nous faisons \u00e9galement des r\u00e9visions pour garantir que le document final r\u00e9pond \u00e0 toutes vos attentes.<\/li>\n<\/ul>\n<li style=\"text-align: left;\"><strong>Adaptabilit\u00e9<\/strong> : Chaque business plan que nous r\u00e9alisons est unique et personnalis\u00e9. Nous savons que chaque projet et chaque entrepreneur ont des besoins sp\u00e9cifiques. C\u2019est pourquoi nous adaptons notre approche en fonction de votre secteur, de votre march\u00e9 cible et de vos objectifs. Que vous soyez une startup technologique ou une entreprise dans le domaine du commerce, nous nous assurons que le plan refl\u00e8te pr\u00e9cis\u00e9ment votre vision et les particularit\u00e9s de votre activit\u00e9.<\/li>\n<li style=\"text-align: left;\"><strong>Banquabilit\u00e9<\/strong> : Nos business plans sont sp\u00e9cialement con\u00e7us pour maximiser vos chances d\u2019obtenir un financement. Nous utilisons des donn\u00e9es fiables et une structure professionnelle, en respectant les attentes des banques, des investisseurs et des institutions financi\u00e8res. Gr\u00e2ce \u00e0 notre approche m\u00e9thodique et \u00e0 nos projections financi\u00e8res solides, nous cr\u00e9ons des plans qui inspirent confiance et d\u00e9montrent la viabilit\u00e9 \u00e9conomique de votre projet.<\/li>\n<\/ol>\n<p>[\/et_pb_blurb][\/et_pb_column][et_pb_column type=\u00a0\u00bb1_3&Prime; _builder_version=\u00a0\u00bb4.16&Prime; global_colors_info=\u00a0\u00bb{}\u00a0\u00bb][et_pb_blurb image=\u00a0\u00bbhttps:\/\/mayadigit.com\/wp-content\/uploads\/2024\/06\/hands-holding-business-statistics-high-angle-scaled.jpg\u00a0\u00bb _builder_version=\u00a0\u00bb4.22.1&Prime; header_font=\u00a0\u00bbKanit|700|||||||\u00a0\u00bb header_font_size=\u00a0\u00bb24px\u00a0\u00bb header_line_height=\u00a0\u00bb1.4em\u00a0\u00bb body_line_height=\u00a0\u00bb1.8em\u00a0\u00bb animation=\u00a0\u00bboff\u00a0\u00bb hover_enabled=\u00a0\u00bb0&Prime; text_orientation_tablet=\u00a0\u00bbcenter\u00a0\u00bb text_orientation_phone=\u00a0\u00bb\u00a0\u00bb text_orientation_last_edited=\u00a0\u00bbon|tablet\u00a0\u00bb locked=\u00a0\u00bboff\u00a0\u00bb global_colors_info=\u00a0\u00bb{}\u00a0\u00bb title=\u00a0\u00bbTrois raisons de nous choisir\u00a0?\u00a0\u00bb sticky_enabled=\u00a0\u00bb0&Prime;]<\/p>\n<p style=\"text-align: left;\">Nous nous engageons \u00e0 fournir bien plus qu\u2019un simple document. Notre objectif est de devenir votre partenaire strat\u00e9gique pour la r\u00e9ussite de votre projet. Voici ce qui rend notre service d&rsquo;\u00e9laboration de business plan unique et particuli\u00e8rement avantageux pour les entrepreneurs :<\/p>\n<ul>\n<li style=\"list-style-type: none;\">\n<ul>\n<li style=\"text-align: left;\"><strong>Expertise<\/strong> : Notre \u00e9quipe est compos\u00e9e de consultants exp\u00e9riment\u00e9s et sp\u00e9cialis\u00e9s dans divers secteurs, ce qui nous permet de comprendre et de r\u00e9pondre aux besoins sp\u00e9cifiques de chaque industrie. Nous disposons de comp\u00e9tences pointues en analyse de march\u00e9, finance, strat\u00e9gie d&rsquo;entreprise et r\u00e9daction de business plans. Cette expertise nous permet de concevoir des plaans qui sont \u00e0 la fois r\u00e9alistes et ambitieux, tout en \u00e9tant parfaitement adapt\u00e9s aux attentes des investisseurs et des institutions financi\u00e8res.<\/li>\n<li style=\"text-align: left;\"><strong>Accompagnement<\/strong> : Nous savons qu\u2019un business plan prend tout son sens lorsqu\u2019il est bien pr\u00e9sent\u00e9 aux parties prenantes. C\u2019est pourquoi nous offrons un accompagnement personnalis\u00e9 au-del\u00e0 de la r\u00e9daction. Nous aidons les entrepreneurs \u00e0 ma\u00eetriser les \u00e9l\u00e9ments cl\u00e9s de leur plan, pour qu\u2019ils puissent le pr\u00e9senter de mani\u00e8re convaincante aux investisseurs et partenaires potentiels. Nous vous fournissons des conseils pratiques sur la mani\u00e8re de structurer votre discours, d\u2019anticiper les questions et de maximiser l\u2019impact de votre pr\u00e9sentation.<\/li>\n<li style=\"text-align: left;\"><strong>Rigueur et Qualit\u00e9<\/strong> : Chez MayaDigit Consulting, la rigueur est au c\u0153ur de notre d\u00e9marche. Chaque business plan que nous \u00e9laborons repose sur des analyses de march\u00e9 approfondies et des projections financi\u00e8res r\u00e9alistes. Nous nous engageons \u00e0 fournir un niveau de qualit\u00e9 \u00e9lev\u00e9 \u00e0 travers des recherches d\u00e9taill\u00e9es et une mod\u00e9lisation financi\u00e8re pr\u00e9cise. Nos plans sont construits pour d\u00e9montrer clairement la viabilit\u00e9 et le potentiel de croissance de votre projet, en inspirant confiance aux investisseurs et en r\u00e9pondant aux standards professionnels.<\/li>\n<\/ul>\n<\/li>\n<\/ul>\n<p>[\/et_pb_blurb][\/et_pb_column][et_pb_column type=\u00a0\u00bb1_3&Prime; _builder_version=\u00a0\u00bb4.16&Prime; global_colors_info=\u00a0\u00bb{}\u00a0\u00bb][et_pb_blurb image=\u00a0\u00bbhttps:\/\/mayadigit.com\/wp-content\/uploads\/2024\/06\/person-office-analyzing-checking-finance-graphs-scaled.jpg\u00a0\u00bb _builder_version=\u00a0\u00bb4.22.1&Prime; header_font=\u00a0\u00bbKanit|700|||||||\u00a0\u00bb header_font_size=\u00a0\u00bb24px\u00a0\u00bb header_line_height=\u00a0\u00bb1.4em\u00a0\u00bb body_line_height=\u00a0\u00bb1.8em\u00a0\u00bb animation=\u00a0\u00bboff\u00a0\u00bb scroll_horizontal_motion_enable=\u00a0\u00bbon\u00a0\u00bb scroll_horizontal_motion=\u00a0\u00bb0|50|50|100|1|0|0&Prime; hover_enabled=\u00a0\u00bb0&Prime; text_orientation_tablet=\u00a0\u00bbcenter\u00a0\u00bb text_orientation_phone=\u00a0\u00bb\u00a0\u00bb text_orientation_last_edited=\u00a0\u00bbon|tablet\u00a0\u00bb scroll_horizontal_motion_tablet=\u00a0\u00bb0|50|50|100|0|0|0&Prime; scroll_horizontal_motion_phone=\u00a0\u00bb\u00a0\u00bb scroll_horizontal_motion_last_edited=\u00a0\u00bbon|tablet\u00a0\u00bb locked=\u00a0\u00bboff\u00a0\u00bb global_colors_info=\u00a0\u00bb{}\u00a0\u00bb title=\u00a0\u00bbComment Faire Appel \u00e0 Nos Services\u00a0\u00bb sticky_enabled=\u00a0\u00bb0&Prime;]<\/p>\n<p style=\"text-align: left;\">Pr\u00eat \u00e0 transformer votre vision en un projet structur\u00e9 et convaincant ? Chez MayaDigit Consulting, nous rendons le processus simple et accessible pour vous accompagner d\u00e8s aujourd&rsquo;hui dans l&rsquo;\u00e9laboration de votre business plan.<\/p>\n<h4 style=\"text-align: left;\">Les \u00e9tapes pour engager nos services :<\/h4>\n<ul>\n<li style=\"list-style-type: none;\">\n<ul>\n<li style=\"text-align: left;\"><strong>Prendre contact pour une consultation gratuite<\/strong> : La premi\u00e8re \u00e9tape consiste \u00e0 nous contacter pour un \u00e9change initial, sans engagement. Cette consultation nous permettra de mieux comprendre votre projet, vos objectifs et vos besoins sp\u00e9cifiques.<\/li>\n<li style=\"text-align: left;\"><strong>Remplir un formulaire de pr\u00e9-\u00e9tude<\/strong> : Suite \u00e0 cette consultation, nous vous enverrons un formulaire de pr\u00e9-\u00e9tude \u00e0 compl\u00e9ter. Ce document nous aidera \u00e0 pr\u00e9parer un plan adapt\u00e9 et \u00e0 cerner en d\u00e9tail les attentes li\u00e9es \u00e0 votre business plan.<\/li>\n<li style=\"text-align: left;\"><strong>Validation et d\u00e9marrage du projet<\/strong> : Une fois le formulaire compl\u00e9t\u00e9 et les besoins valid\u00e9s, nous d\u00e9butons le processus de cr\u00e9ation de votre business plan avec une approche sur mesure.<\/li>\n<\/ul>\n<\/li>\n<\/ul>\n<p>[\/et_pb_blurb][\/et_pb_column][\/et_pb_row][\/et_pb_section][et_pb_section fb_built=\u00a0\u00bb1&Prime; custom_padding_last_edited=\u00a0\u00bbon|phone\u00a0\u00bb admin_label=\u00a0\u00bbFooter\u00a0\u00bb _builder_version=\u00a0\u00bb4.16&Prime; use_background_color_gradient=\u00a0\u00bbon\u00a0\u00bb background_color_gradient_stops=\u00a0\u00bb#000000 0%|#1700be 100%\u00a0\u00bb background_color_gradient_start=\u00a0\u00bb#000000&Prime; background_color_gradient_end=\u00a0\u00bb#1700be\u00a0\u00bb custom_margin=\u00a0\u00bb180px||||false|false\u00a0\u00bb custom_margin_tablet=\u00a0\u00bb\u00a0\u00bb custom_margin_phone=\u00a0\u00bb0px||||false|false\u00a0\u00bb custom_margin_last_edited=\u00a0\u00bbon|phone\u00a0\u00bb custom_padding=\u00a0\u00bb1px||0px||false|false\u00a0\u00bb custom_padding_tablet=\u00a0\u00bb\u00a0\u00bb custom_padding_phone=\u00a0\u00bb48px||48px||true|false\u00a0\u00bb saved_tabs=\u00a0\u00bball\u00a0\u00bb locked=\u00a0\u00bboff\u00a0\u00bb global_colors_info=\u00a0\u00bb{}\u00a0\u00bb][\/et_pb_section]<\/p>\n","protected":false},"excerpt":{"rendered":"<p>BUSINESS PLANCONFIEZ NOUS L&rsquo;ELABORATION DE VOTRE BUSINESS PLANTransformez votre vision en succ\u00e8s avec un business plan sur mesure, con\u00e7u pour captiver vos investisseurs et guider votre croissance.\u00a0\u00bb \u00a0\u00bb Nous cr\u00e9ons des business plans convaincants et adapt\u00e9s \u00e0 votre secteur, pour maximiser vos chances de financement et b\u00e2tir une entreprise solide.\u00a0\u00bbLancer ou g\u00e9rer une entreprise sans [&hellip;]<\/p>\n","protected":false},"author":3,"featured_media":0,"parent":0,"menu_order":0,"comment_status":"closed","ping_status":"closed","template":"","meta":{"_et_pb_use_builder":"on","_et_pb_old_content":"","_et_gb_content_width":"","om_disable_all_campaigns":false,"_monsterinsights_skip_tracking":false,"_monsterinsights_sitenote_active":false,"_monsterinsights_sitenote_note":"","_monsterinsights_sitenote_category":0,"footnotes":""},"aioseo_notices":[],"_links":{"self":[{"href":"https:\/\/mayadigit.com\/index.php\/wp-json\/wp\/v2\/pages\/441"}],"collection":[{"href":"https:\/\/mayadigit.com\/index.php\/wp-json\/wp\/v2\/pages"}],"about":[{"href":"https:\/\/mayadigit.com\/index.php\/wp-json\/wp\/v2\/types\/page"}],"author":[{"embeddable":true,"href":"https:\/\/mayadigit.com\/index.php\/wp-json\/wp\/v2\/users\/3"}],"replies":[{"embeddable":true,"href":"https:\/\/mayadigit.com\/index.php\/wp-json\/wp\/v2\/comments?post=441"}],"version-history":[{"count":8,"href":"https:\/\/mayadigit.com\/index.php\/wp-json\/wp\/v2\/pages\/441\/revisions"}],"predecessor-version":[{"id":1726,"href":"https:\/\/mayadigit.com\/index.php\/wp-json\/wp\/v2\/pages\/441\/revisions\/1726"}],"wp:attachment":[{"href":"https:\/\/mayadigit.com\/index.php\/wp-json\/wp\/v2\/media?parent=441"}],"curies":[{"name":"wp","href":"https:\/\/api.w.org\/{rel}","templated":true}]}}