{"id":342,"date":"2024-05-25T14:21:22","date_gmt":"2024-05-25T12:21:22","guid":{"rendered":"https:\/\/mayadigit.com\/?page_id=342"},"modified":"2024-09-19T20:13:15","modified_gmt":"2024-09-19T18:13:15","slug":"temoignage","status":"publish","type":"page","link":"https:\/\/mayadigit.com\/index.php\/temoignage\/","title":{"rendered":"T\u00e9moignage"},"content":{"rendered":"<p>[et_pb_section fb_built=\u00a0\u00bb1&Prime; _builder_version=\u00a0\u00bb4.22.1&Prime; _module_preset=\u00a0\u00bbdefault\u00a0\u00bb background_color=\u00a0\u00bbRGBA(255,255,255,0)\u00a0\u00bb custom_padding=\u00a0\u00bb||66px|||\u00a0\u00bb global_colors_info=\u00a0\u00bb{}\u00a0\u00bb][et_pb_row column_structure=\u00a0\u00bb1_2,1_2&Prime; _builder_version=\u00a0\u00bb4.22.1&Prime; _module_preset=\u00a0\u00bbdefault\u00a0\u00bb global_colors_info=\u00a0\u00bb{}\u00a0\u00bb][et_pb_column type=\u00a0\u00bb1_2&Prime; _builder_version=\u00a0\u00bb4.22.1&Prime; _module_preset=\u00a0\u00bbdefault\u00a0\u00bb global_colors_info=\u00a0\u00bb{}\u00a0\u00bb][et_pb_image src=\u00a0\u00bbhttps:\/\/mayadigit.com\/wp-content\/uploads\/2024\/09\/Capture-5-1.png\u00a0\u00bb title_text=\u00a0\u00bbCapture 5&Prime; _builder_version=\u00a0\u00bb4.22.1&Prime; _module_preset=\u00a0\u00bbdefault\u00a0\u00bb global_colors_info=\u00a0\u00bb{}\u00a0\u00bb][\/et_pb_image][et_pb_image src=\u00a0\u00bbhttps:\/\/mayadigit.com\/wp-content\/uploads\/2024\/07\/WhatsApp-Image-2024-07-22-a-16.19.52_1e874007.jpg\u00a0\u00bb title_text=\u00a0\u00bbWhatsApp Image 2024-07-22 \u00e0 16.19.52_1e874007&Prime; _builder_version=\u00a0\u00bb4.22.1&Prime; _module_preset=\u00a0\u00bbdefault\u00a0\u00bb global_colors_info=\u00a0\u00bb{}\u00a0\u00bb][\/et_pb_image][\/et_pb_column][et_pb_column type=\u00a0\u00bb1_2&Prime; _builder_version=\u00a0\u00bb4.22.1&Prime; _module_preset=\u00a0\u00bbdefault\u00a0\u00bb global_colors_info=\u00a0\u00bb{}\u00a0\u00bb][et_pb_image src=\u00a0\u00bbhttps:\/\/mayadigit.com\/wp-content\/uploads\/2024\/09\/Capture-6.png\u00a0\u00bb title_text=\u00a0\u00bbCapture 6&Prime; _builder_version=\u00a0\u00bb4.22.1&Prime; _module_preset=\u00a0\u00bbdefault\u00a0\u00bb global_colors_info=\u00a0\u00bb{}\u00a0\u00bb][\/et_pb_image][et_pb_image src=\u00a0\u00bbhttps:\/\/mayadigit.com\/wp-content\/uploads\/2024\/07\/WhatsApp-Image-2024-07-22-a-16.19.52_576ac942-1.jpg\u00a0\u00bb title_text=\u00a0\u00bbWhatsApp Image 2024-07-22 \u00e0 16.19.52_576ac942&Prime; _builder_version=\u00a0\u00bb4.22.1&Prime; _module_preset=\u00a0\u00bbdefault\u00a0\u00bb global_colors_info=\u00a0\u00bb{}\u00a0\u00bb][\/et_pb_image][\/et_pb_column][\/et_pb_row][\/et_pb_section][et_pb_section fb_built=\u00a0\u00bb1&Prime; _builder_version=\u00a0\u00bb4.22.1&Prime; _module_preset=\u00a0\u00bbdefault\u00a0\u00bb global_colors_info=\u00a0\u00bb{}\u00a0\u00bb][et_pb_row column_structure=\u00a0\u00bb1_2,1_2&Prime; _builder_version=\u00a0\u00bb4.22.1&Prime; _module_preset=\u00a0\u00bbdefault\u00a0\u00bb global_colors_info=\u00a0\u00bb{}\u00a0\u00bb][et_pb_column type=\u00a0\u00bb1_2&Prime; _builder_version=\u00a0\u00bb4.22.1&Prime; _module_preset=\u00a0\u00bbdefault\u00a0\u00bb global_colors_info=\u00a0\u00bb{}\u00a0\u00bb][et_pb_image src=\u00a0\u00bbhttps:\/\/mayadigit.com\/wp-content\/uploads\/2024\/09\/WhatsApp-Image-2024-09-19-a-17.35.12_ca54d08e.jpg\u00a0\u00bb _builder_version=\u00a0\u00bb4.22.1&Prime; _module_preset=\u00a0\u00bbdefault\u00a0\u00bb hover_enabled=\u00a0\u00bb0&Prime; sticky_enabled=\u00a0\u00bb0&Prime;][\/et_pb_image][et_pb_image src=\u00a0\u00bbhttps:\/\/mayadigit.com\/wp-content\/uploads\/2024\/07\/WhatsApp-Image-2024-07-22-a-16.19.53_0c633eca-1.jpg\u00a0\u00bb title_text=\u00a0\u00bbWhatsApp Image 2024-07-22 \u00e0 16.19.53_0c633eca\u00a0\u00bb _builder_version=\u00a0\u00bb4.22.1&Prime; _module_preset=\u00a0\u00bbdefault\u00a0\u00bb global_colors_info=\u00a0\u00bb{}\u00a0\u00bb][\/et_pb_image][\/et_pb_column][et_pb_column type=\u00a0\u00bb1_2&Prime; _builder_version=\u00a0\u00bb4.22.1&Prime; _module_preset=\u00a0\u00bbdefault\u00a0\u00bb global_colors_info=\u00a0\u00bb{}\u00a0\u00bb][et_pb_image src=\u00a0\u00bbhttps:\/\/mayadigit.com\/wp-content\/uploads\/2024\/07\/WhatsApp-Image-2024-07-22-a-16.19.53_1ea88019.jpg\u00a0\u00bb title_text=\u00a0\u00bbWhatsApp Image 2024-07-22 \u00e0 16.19.53_1ea88019&Prime; _builder_version=\u00a0\u00bb4.22.1&Prime; _module_preset=\u00a0\u00bbdefault\u00a0\u00bb global_colors_info=\u00a0\u00bb{}\u00a0\u00bb][\/et_pb_image][et_pb_image src=\u00a0\u00bbhttps:\/\/mayadigit.com\/wp-content\/uploads\/2024\/09\/WhatsApp-Image-2024-09-19-a-17.35.11_9d1dc575.jpg\u00a0\u00bb _builder_version=\u00a0\u00bb4.22.1&Prime; _module_preset=\u00a0\u00bbdefault\u00a0\u00bb hover_enabled=\u00a0\u00bb0&Prime; sticky_enabled=\u00a0\u00bb0&Prime;][\/et_pb_image][\/et_pb_column][\/et_pb_row][\/et_pb_section][et_pb_section fb_built=\u00a0\u00bb1&Prime; _builder_version=\u00a0\u00bb4.22.1&Prime; _module_preset=\u00a0\u00bbdefault\u00a0\u00bb global_colors_info=\u00a0\u00bb{}\u00a0\u00bb][et_pb_row column_structure=\u00a0\u00bb1_2,1_2&Prime; _builder_version=\u00a0\u00bb4.22.1&Prime; _module_preset=\u00a0\u00bbdefault\u00a0\u00bb global_colors_info=\u00a0\u00bb{}\u00a0\u00bb][et_pb_column type=\u00a0\u00bb1_2&Prime; _builder_version=\u00a0\u00bb4.22.1&Prime; _module_preset=\u00a0\u00bbdefault\u00a0\u00bb global_colors_info=\u00a0\u00bb{}\u00a0\u00bb][et_pb_image src=\u00a0\u00bbhttps:\/\/mayadigit.com\/wp-content\/uploads\/2024\/07\/WhatsApp-Image-2024-07-22-a-16.19.53_da23f2dd.jpg\u00a0\u00bb title_text=\u00a0\u00bbWhatsApp Image 2024-07-22 \u00e0 16.19.53_da23f2dd\u00a0\u00bb _builder_version=\u00a0\u00bb4.22.1&Prime; _module_preset=\u00a0\u00bbdefault\u00a0\u00bb global_colors_info=\u00a0\u00bb{}\u00a0\u00bb][\/et_pb_image][\/et_pb_column][et_pb_column type=\u00a0\u00bb1_2&Prime; _builder_version=\u00a0\u00bb4.22.1&Prime; _module_preset=\u00a0\u00bbdefault\u00a0\u00bb global_colors_info=\u00a0\u00bb{}\u00a0\u00bb][et_pb_image src=\u00a0\u00bbhttps:\/\/mayadigit.com\/wp-content\/uploads\/2024\/07\/WhatsApp-Image-2024-07-22-a-16.20.34_833a756e.jpg\u00a0\u00bb title_text=\u00a0\u00bbWhatsApp Image 2024-07-22 \u00e0 16.20.34_833a756e\u00a0\u00bb _builder_version=\u00a0\u00bb4.22.1&Prime; _module_preset=\u00a0\u00bbdefault\u00a0\u00bb global_colors_info=\u00a0\u00bb{}\u00a0\u00bb][\/et_pb_image][\/et_pb_column][\/et_pb_row][et_pb_row column_structure=\u00a0\u00bb1_2,1_2&Prime; _builder_version=\u00a0\u00bb4.22.1&Prime; _module_preset=\u00a0\u00bbdefault\u00a0\u00bb custom_padding=\u00a0\u00bb||0px|||\u00a0\u00bb animation_style=\u00a0\u00bbflip\u00a0\u00bb global_colors_info=\u00a0\u00bb{}\u00a0\u00bb][et_pb_column type=\u00a0\u00bb1_2&Prime; _builder_version=\u00a0\u00bb4.22.1&Prime; _module_preset=\u00a0\u00bbdefault\u00a0\u00bb global_colors_info=\u00a0\u00bb{}\u00a0\u00bb][et_pb_image src=\u00a0\u00bbhttps:\/\/mayadigit.com\/wp-content\/uploads\/2024\/07\/WhatsApp-Image-2024-07-22-a-16.19.51_8669cf6a.jpg\u00a0\u00bb title_text=\u00a0\u00bbWhatsApp Image 2024-07-22 \u00e0 16.19.51_8669cf6a\u00a0\u00bb _builder_version=\u00a0\u00bb4.22.1&Prime; _module_preset=\u00a0\u00bbdefault\u00a0\u00bb global_colors_info=\u00a0\u00bb{}\u00a0\u00bb][\/et_pb_image][et_pb_image src=\u00a0\u00bbhttps:\/\/mayadigit.com\/wp-content\/uploads\/2024\/07\/WhatsApp-Image-2024-07-22-a-16.19.52_3f54fe22.jpg\u00a0\u00bb title_text=\u00a0\u00bbWhatsApp Image 2024-07-22 \u00e0 16.19.52_3f54fe22&Prime; _builder_version=\u00a0\u00bb4.22.1&Prime; _module_preset=\u00a0\u00bbdefault\u00a0\u00bb global_colors_info=\u00a0\u00bb{}\u00a0\u00bb][\/et_pb_image][et_pb_image src=\u00a0\u00bbhttps:\/\/mayadigit.com\/wp-content\/uploads\/2024\/07\/WhatsApp-Image-2024-07-22-a-16.20.34_a0de7812.jpg\u00a0\u00bb title_text=\u00a0\u00bbWhatsApp Image 2024-07-22 \u00e0 16.20.34_a0de7812&Prime; _builder_version=\u00a0\u00bb4.22.1&Prime; _module_preset=\u00a0\u00bbdefault\u00a0\u00bb global_colors_info=\u00a0\u00bb{}\u00a0\u00bb][\/et_pb_image][et_pb_testimonial author=\u00a0\u00bbMr HAROUNA Hamidou \/Niamey, Niger\u00a0\u00bb portrait_url=\u00a0\u00bbdata:image\/svg+xml;base64,PHN2ZyB3aWR0aD0iNTAwIiBoZWlnaHQ9IjUwMCIgdmlld0JveD0iMCAwIDUwMCA1MDAiIHhtbG5zPSJodHRwOi8vd3d3LnczLm9yZy8yMDAwL3N2ZyI+CiAgICA8ZyBmaWxsPSJub25lIiBmaWxsLXJ1bGU9ImV2ZW5vZGQiPgogICAgICAgIDxwYXRoIGZpbGw9IiNFQkVCRUIiIGQ9Ik0wIDBoNTAwdjUwMEgweiIvPgogICAgICAgIDxyZWN0IGZpbGwtb3BhY2l0eT0iLjEiIGZpbGw9IiMwMDAiIHg9IjY4IiB5PSIzMDUiIHdpZHRoPSIzNjQiIGhlaWdodD0iNTY4IiByeD0iMTgyIi8+CiAgICAgICAgPGNpcmNsZSBmaWxsLW9wYWNpdHk9Ii4xIiBmaWxsPSIjMDAwIiBjeD0iMjQ5IiBjeT0iMTcyIiByPSIxMDAiLz4KICAgIDwvZz4KPC9zdmc+Cg==\u00a0\u00bb _builder_version=\u00a0\u00bb4.22.1&Prime; _module_preset=\u00a0\u00bbdefault\u00a0\u00bb body_font=\u00a0\u00bbAssistant||||||||\u00a0\u00bb body_text_align=\u00a0\u00bbjustify\u00a0\u00bb body_text_color=\u00a0\u00bb#000000&Prime; body_font_size=\u00a0\u00bb18px\u00a0\u00bb body_line_height=\u00a0\u00bb1.3em\u00a0\u00bb author_text_color=\u00a0\u00bb#000000&Prime; background_color=\u00a0\u00bb#FFFFFF\u00a0\u00bb min_height=\u00a0\u00bb414.7px\u00a0\u00bb custom_margin=\u00a0\u00bb||5px|||\u00a0\u00bb custom_padding=\u00a0\u00bb||36px|||\u00a0\u00bb box_shadow_style=\u00a0\u00bbpreset1&Prime; box_shadow_blur=\u00a0\u00bb16px\u00a0\u00bb box_shadow_color=\u00a0\u00bb#007FE0&Prime; global_colors_info=\u00a0\u00bb{}\u00a0\u00bb]<\/p>\n<p>Je tiens \u00e0 exprimer ma profonde gratitude pour votre contribution \u00e0 l&rsquo;\u00e9mergence d&rsquo;une nouvelle Afrique. Vos initiatives et votre engagement sans faille sont une v\u00e9ritable source d&rsquo;inspiration. Gr\u00e2ce \u00e0 vos efforts, je suis convaincu que cette transformation positive est non seulement n\u00e9cessaire, mais tout \u00e0 fait r\u00e9alisable. Merci infiniment pour tout ce que vous faites pour notre continent et pour montrer que l&rsquo;avenir de l&rsquo;Afrique est prometteur.<\/p>\n<p>[\/et_pb_testimonial][et_pb_testimonial portrait_url=\u00a0\u00bbdata:image\/svg+xml;base64,PHN2ZyB3aWR0aD0iNTAwIiBoZWlnaHQ9IjUwMCIgdmlld0JveD0iMCAwIDUwMCA1MDAiIHhtbG5zPSJodHRwOi8vd3d3LnczLm9yZy8yMDAwL3N2ZyI+CiAgICA8ZyBmaWxsPSJub25lIiBmaWxsLXJ1bGU9ImV2ZW5vZGQiPgogICAgICAgIDxwYXRoIGZpbGw9IiNFQkVCRUIiIGQ9Ik0wIDBoNTAwdjUwMEgweiIvPgogICAgICAgIDxyZWN0IGZpbGwtb3BhY2l0eT0iLjEiIGZpbGw9IiMwMDAiIHg9IjY4IiB5PSIzMDUiIHdpZHRoPSIzNjQiIGhlaWdodD0iNTY4IiByeD0iMTgyIi8+CiAgICAgICAgPGNpcmNsZSBmaWxsLW9wYWNpdHk9Ii4xIiBmaWxsPSIjMDAwIiBjeD0iMjQ5IiBjeT0iMTcyIiByPSIxMDAiLz4KICAgIDwvZz4KPC9zdmc+Cg==\u00a0\u00bb _builder_version=\u00a0\u00bb4.22.1&Prime; _module_preset=\u00a0\u00bbdefault\u00a0\u00bb body_font=\u00a0\u00bbAssistant||||||||\u00a0\u00bb body_text_align=\u00a0\u00bbjustify\u00a0\u00bb body_text_color=\u00a0\u00bb#000000&Prime; body_font_size=\u00a0\u00bb18px\u00a0\u00bb body_line_height=\u00a0\u00bb1.4em\u00a0\u00bb background_color=\u00a0\u00bb#FFFFFF\u00a0\u00bb box_shadow_style=\u00a0\u00bbpreset1&Prime; box_shadow_color=\u00a0\u00bb#007FE0&Prime; global_colors_info=\u00a0\u00bb{}\u00a0\u00bb]<\/p>\n<p>J&rsquo;ai particuli\u00e8rement appr\u00e9ci\u00e9 la qualit\u00e9 de la formation ainsi que la patience et la compr\u00e9hension des formateurs. Ce sont des qualit\u00e9s rares et pr\u00e9cieuses. L&rsquo;assistance de l&rsquo;administration a \u00e9galement \u00e9t\u00e9 remarquable, toujours \u00e0 l&rsquo;\u00e9coute des participants et r\u00e9active \u00e0 nos r\u00e9clamations. Ils ont toujours su r\u00e9pondre \u00e0 nos questions de mani\u00e8re pertinente.<\/p>\n<p>Ces cinq semaines de formation ont \u00e9t\u00e9\u00a0 enrichissantes, tant sur le plan des apprentissages que des \u00e9changes et du partage. Je ne regrette absolument pas de m&rsquo;\u00eatre inscrit \u00e0 cette formation. Gr\u00e2ce \u00e0 vous, nous avons v\u00e9cu des moments forts de partage d&rsquo;exp\u00e9rience.<\/p>\n<p>Je vous encourage vivement \u00e0 continuer dans cette direction. Mes f\u00e9licitations et mes encouragements \u00e0 toute l&rsquo;\u00e9quipe ! Je n&rsquo;h\u00e9siterai pas \u00e0 m&rsquo;inscrire \u00e0 d&rsquo;autres modules, comme le management de projets, pour compl\u00e9ter mes connaissances en Suivi et \u00c9valuation.Encore une fois, merci \u00e0 vous.<\/p>\n<p><strong>Mme Zeinabou\/ Mauritanie<\/strong><\/p>\n<p>[\/et_pb_testimonial][\/et_pb_column][et_pb_column type=\u00a0\u00bb1_2&Prime; _builder_version=\u00a0\u00bb4.22.1&Prime; _module_preset=\u00a0\u00bbdefault\u00a0\u00bb global_colors_info=\u00a0\u00bb{}\u00a0\u00bb][et_pb_image src=\u00a0\u00bbhttps:\/\/mayadigit.com\/wp-content\/uploads\/2024\/07\/WhatsApp-Image-2024-07-22-a-16.19.51_37636278.jpg\u00a0\u00bb title_text=\u00a0\u00bbWhatsApp Image 2024-07-22 \u00e0 16.19.51_37636278&Prime; _builder_version=\u00a0\u00bb4.22.1&Prime; _module_preset=\u00a0\u00bbdefault\u00a0\u00bb global_colors_info=\u00a0\u00bb{}\u00a0\u00bb][\/et_pb_image][et_pb_image src=\u00a0\u00bbhttps:\/\/mayadigit.com\/wp-content\/uploads\/2024\/07\/WhatsApp-Image-2024-07-22-a-16.19.52_12deb05c.jpg\u00a0\u00bb title_text=\u00a0\u00bbWhatsApp Image 2024-07-22 \u00e0 16.19.52_12deb05c\u00a0\u00bb _builder_version=\u00a0\u00bb4.22.1&Prime; _module_preset=\u00a0\u00bbdefault\u00a0\u00bb global_colors_info=\u00a0\u00bb{}\u00a0\u00bb][\/et_pb_image][et_pb_testimonial portrait_url=\u00a0\u00bbdata:image\/svg+xml;base64,PHN2ZyB3aWR0aD0iNTAwIiBoZWlnaHQ9IjUwMCIgdmlld0JveD0iMCAwIDUwMCA1MDAiIHhtbG5zPSJodHRwOi8vd3d3LnczLm9yZy8yMDAwL3N2ZyI+CiAgICA8ZyBmaWxsPSJub25lIiBmaWxsLXJ1bGU9ImV2ZW5vZGQiPgogICAgICAgIDxwYXRoIGZpbGw9IiNFQkVCRUIiIGQ9Ik0wIDBoNTAwdjUwMEgweiIvPgogICAgICAgIDxyZWN0IGZpbGwtb3BhY2l0eT0iLjEiIGZpbGw9IiMwMDAiIHg9IjY4IiB5PSIzMDUiIHdpZHRoPSIzNjQiIGhlaWdodD0iNTY4IiByeD0iMTgyIi8+CiAgICAgICAgPGNpcmNsZSBmaWxsLW9wYWNpdHk9Ii4xIiBmaWxsPSIjMDAwIiBjeD0iMjQ5IiBjeT0iMTcyIiByPSIxMDAiLz4KICAgIDwvZz4KPC9zdmc+Cg==\u00a0\u00bb _builder_version=\u00a0\u00bb4.22.1&Prime; _module_preset=\u00a0\u00bbdefault\u00a0\u00bb body_font=\u00a0\u00bbAssistant||||||||\u00a0\u00bb body_text_align=\u00a0\u00bbjustify\u00a0\u00bb body_text_color=\u00a0\u00bb#000000&Prime; body_font_size=\u00a0\u00bb18px\u00a0\u00bb body_line_height=\u00a0\u00bb1.3em\u00a0\u00bb background_color=\u00a0\u00bb#FFFFFF\u00a0\u00bb custom_padding=\u00a0\u00bb||0px|||\u00a0\u00bb box_shadow_style=\u00a0\u00bbpreset1&Prime; box_shadow_color=\u00a0\u00bb#007FE0&Prime; global_colors_info=\u00a0\u00bb{}\u00a0\u00bb]<\/p>\n<p><span>Personnellement\u00a0 J&rsquo;ai\u00a0 appr\u00e9ci\u00e9 le respect\u00a0 du chronogramme tout au long de la formation, ainsi que le professionnalisme dont vous avez fait preuve. Chaque session \u00e9tait bien organis\u00e9e, ce qui a grandement facilit\u00e9 mon apprentissage. De plus, je ne peux manquer de souligner la richesse de vos supports p\u00e9dagogiques, qui \u00e9taient bien con\u00e7us et informatifs. Enfin, la profondeur de vos engagements et votre d\u00e9vouement \u00e9taient \u00e9vidents \u00e0 chaque \u00e9tape. Merci pour cette exp\u00e9rience enrichissante et de qualit\u00e9.<\/span><\/p>\n<p><span>\u00a0<strong>Mr Ivangui \/Congo<\/strong> <strong>Brazzaville<\/strong><\/span><\/p>\n<p>[\/et_pb_testimonial][et_pb_testimonial portrait_url=\u00a0\u00bbdata:image\/svg+xml;base64,PHN2ZyB3aWR0aD0iNTAwIiBoZWlnaHQ9IjUwMCIgdmlld0JveD0iMCAwIDUwMCA1MDAiIHhtbG5zPSJodHRwOi8vd3d3LnczLm9yZy8yMDAwL3N2ZyI+CiAgICA8ZyBmaWxsPSJub25lIiBmaWxsLXJ1bGU9ImV2ZW5vZGQiPgogICAgICAgIDxwYXRoIGZpbGw9IiNFQkVCRUIiIGQ9Ik0wIDBoNTAwdjUwMEgweiIvPgogICAgICAgIDxyZWN0IGZpbGwtb3BhY2l0eT0iLjEiIGZpbGw9IiMwMDAiIHg9IjY4IiB5PSIzMDUiIHdpZHRoPSIzNjQiIGhlaWdodD0iNTY4IiByeD0iMTgyIi8+CiAgICAgICAgPGNpcmNsZSBmaWxsLW9wYWNpdHk9Ii4xIiBmaWxsPSIjMDAwIiBjeD0iMjQ5IiBjeT0iMTcyIiByPSIxMDAiLz4KICAgIDwvZz4KPC9zdmc+Cg==\u00a0\u00bb _builder_version=\u00a0\u00bb4.22.1&Prime; _module_preset=\u00a0\u00bbdefault\u00a0\u00bb body_font=\u00a0\u00bbAssistant||||||||\u00a0\u00bb body_text_align=\u00a0\u00bbjustify\u00a0\u00bb body_text_color=\u00a0\u00bb#000000&Prime; body_font_size=\u00a0\u00bb18px\u00a0\u00bb body_line_height=\u00a0\u00bb1.3em\u00a0\u00bb background_color=\u00a0\u00bb#FFFFFF\u00a0\u00bb box_shadow_style=\u00a0\u00bbpreset1&Prime; box_shadow_color=\u00a0\u00bb#007FE0&Prime; global_colors_info=\u00a0\u00bb{}\u00a0\u00bb]<\/p>\n<p>Je me r\u00e9jouis de l&rsquo;existence de ce cabinet, qui propose d&rsquo;excellents modules de renforcement des capacit\u00e9s et d&rsquo;optimisation des comp\u00e9tences pour se vendre sur le march\u00e9 de l&#8217;emploi. Ce cabinet poss\u00e8de des formateurs exp\u00e9riment\u00e9s ayant une connaissance approfondie du terrain. Mes encouragements les plus sinc\u00e8res pour cette entreprise.<\/p>\n<p><strong>Mr. NGARNDIGAL \/ Ndjamena\u00a0 Tchad<\/strong><\/p>\n<p>[\/et_pb_testimonial][\/et_pb_column][\/et_pb_row][et_pb_row _builder_version=\u00a0\u00bb4.22.1&Prime; _module_preset=\u00a0\u00bbdefault\u00a0\u00bb column_structure=\u00a0\u00bb1_2,1_2&Prime;][et_pb_column _builder_version=\u00a0\u00bb4.22.1&Prime; _module_preset=\u00a0\u00bbdefault\u00a0\u00bb type=\u00a0\u00bb1_2&Prime;][\/et_pb_column][et_pb_column _builder_version=\u00a0\u00bb4.22.1&Prime; _module_preset=\u00a0\u00bbdefault\u00a0\u00bb type=\u00a0\u00bb1_2&Prime;][\/et_pb_column][\/et_pb_row][\/et_pb_section]<\/p>\n","protected":false},"excerpt":{"rendered":"<p>Je tiens \u00e0 exprimer ma profonde gratitude pour votre contribution \u00e0 l&rsquo;\u00e9mergence d&rsquo;une nouvelle Afrique. Vos initiatives et votre engagement sans faille sont une v\u00e9ritable source d&rsquo;inspiration. Gr\u00e2ce \u00e0 vos efforts, je suis convaincu que cette transformation positive est non seulement n\u00e9cessaire, mais tout \u00e0 fait r\u00e9alisable. Merci infiniment pour tout ce que vous faites [&hellip;]<\/p>\n","protected":false},"author":1,"featured_media":0,"parent":0,"menu_order":0,"comment_status":"closed","ping_status":"closed","template":"","meta":{"_et_pb_use_builder":"on","_et_pb_old_content":"","_et_gb_content_width":"","om_disable_all_campaigns":false,"_monsterinsights_skip_tracking":false,"_monsterinsights_sitenote_active":false,"_monsterinsights_sitenote_note":"","_monsterinsights_sitenote_category":0,"footnotes":""},"aioseo_notices":[],"_links":{"self":[{"href":"https:\/\/mayadigit.com\/index.php\/wp-json\/wp\/v2\/pages\/342"}],"collection":[{"href":"https:\/\/mayadigit.com\/index.php\/wp-json\/wp\/v2\/pages"}],"about":[{"href":"https:\/\/mayadigit.com\/index.php\/wp-json\/wp\/v2\/types\/page"}],"author":[{"embeddable":true,"href":"https:\/\/mayadigit.com\/index.php\/wp-json\/wp\/v2\/users\/1"}],"replies":[{"embeddable":true,"href":"https:\/\/mayadigit.com\/index.php\/wp-json\/wp\/v2\/comments?post=342"}],"version-history":[{"count":11,"href":"https:\/\/mayadigit.com\/index.php\/wp-json\/wp\/v2\/pages\/342\/revisions"}],"predecessor-version":[{"id":1574,"href":"https:\/\/mayadigit.com\/index.php\/wp-json\/wp\/v2\/pages\/342\/revisions\/1574"}],"wp:attachment":[{"href":"https:\/\/mayadigit.com\/index.php\/wp-json\/wp\/v2\/media?parent=342"}],"curies":[{"name":"wp","href":"https:\/\/api.w.org\/{rel}","templated":true}]}}