{"id":34,"date":"2023-08-27T13:40:44","date_gmt":"2023-08-27T11:40:44","guid":{"rendered":"https:\/\/mayadigit.com\/?page_id=34"},"modified":"2025-07-02T18:58:42","modified_gmt":"2025-07-02T16:58:42","slug":"qui-sommes-nous","status":"publish","type":"page","link":"https:\/\/mayadigit.com\/","title":{"rendered":"Accueil"},"content":{"rendered":"<p>[et_pb_section fb_built=\u00a0\u00bb1&Prime; admin_label=\u00a0\u00bbHeader\u00a0\u00bb _builder_version=\u00a0\u00bb4.22.1&Prime; _module_preset=\u00a0\u00bbdefault\u00a0\u00bb use_background_color_gradient=\u00a0\u00bbon\u00a0\u00bb background_color_gradient_type=\u00a0\u00bbcircular\u00a0\u00bb background_color_gradient_stops=\u00a0\u00bb#0de2d4 0%|gcid-a2ad28b5-d28e-4d1e-9e4d-81a3653a5561 50%|#000000 99%\u00a0\u00bb background_image=\u00a0\u00bbhttps:\/\/mayadigit.com\/wp-content\/uploads\/2023\/10\/creative-marketing-27.png\u00a0\u00bb background_size=\u00a0\u00bbcontain\u00a0\u00bb background_position=\u00a0\u00bbbottom_center\u00a0\u00bb overflow-x=\u00a0\u00bbvisible\u00a0\u00bb overflow-y=\u00a0\u00bbvisible\u00a0\u00bb custom_margin=\u00a0\u00bb3vw|3vw|3vw|3vw|true|true\u00a0\u00bb custom_padding=\u00a0\u00bb||0px||false|false\u00a0\u00bb background_last_edited=\u00a0\u00bbon|tablet\u00a0\u00bb background_mask_aspect_ratio_tablet=\u00a0\u00bbportrait\u00a0\u00bb background_mask_size_tablet=\u00a0\u00bbstretch\u00a0\u00bb background_mask_size_phone=\u00a0\u00bbstretch\u00a0\u00bb border_radii=\u00a0\u00bbon|1.5vw|1.5vw|1.5vw|1.5vw\u00a0\u00bb collapsed=\u00a0\u00bbon\u00a0\u00bb global_colors_info=\u00a0\u00bb{}\u00a0\u00bb][et_pb_row column_structure=\u00a0\u00bb1_2,1_2&Prime; _builder_version=\u00a0\u00bb4.21.0&Prime; _module_preset=\u00a0\u00bbdefault\u00a0\u00bb width=\u00a0\u00bb90%\u00a0\u00bb locked=\u00a0\u00bboff\u00a0\u00bb global_colors_info=\u00a0\u00bb{}\u00a0\u00bb][et_pb_column type=\u00a0\u00bb1_2&Prime; _builder_version=\u00a0\u00bb4.21.0&Prime; _module_preset=\u00a0\u00bbdefault\u00a0\u00bb custom_padding=\u00a0\u00bb10%||||false|false\u00a0\u00bb custom_padding_tablet=\u00a0\u00bb0%||||false|false\u00a0\u00bb custom_padding_phone=\u00a0\u00bb0%||||false|false\u00a0\u00bb custom_padding_last_edited=\u00a0\u00bbon|tablet\u00a0\u00bb global_colors_info=\u00a0\u00bb{}\u00a0\u00bb][et_pb_text _builder_version=\u00a0\u00bb4.22.1&Prime; _module_preset=\u00a0\u00bb906092c9-a986-48d2-b441-3ee79df8165c\u00a0\u00bb header_text_color=\u00a0\u00bb#FFFFFF\u00a0\u00bb background_color=\u00a0\u00bb#FFFFFF\u00a0\u00bb custom_margin=\u00a0\u00bb||10px||false|false\u00a0\u00bb hover_enabled=\u00a0\u00bb0&Prime; inline_fonts=\u00a0\u00bbAdamina\u00a0\u00bb global_colors_info=\u00a0\u00bb{}\u00a0\u00bb sticky_enabled=\u00a0\u00bb0&Prime;]<\/p>\n<p><span style=\"font-weight: normal; font-size: xx-large;\"><strong><span style=\"font-family: Adamina;\">Qui sommes-nous\u00a0?<\/span> <\/strong><\/span><\/p>\n<p>[\/et_pb_text][et_pb_text _builder_version=\u00a0\u00bb4.22.1&Prime; _module_preset=\u00a0\u00bb8c8c97c4-6903-4f94-a0cb-c3c3b9925646&Prime; text_text_color=\u00a0\u00bb#FFFFFF\u00a0\u00bb global_colors_info=\u00a0\u00bb{}\u00a0\u00bb]<\/p>\n<p>Mayadigit consulting est un cabinet de conseil et de formation sp\u00e9cialis\u00e9 dans le domaine des technologies num\u00e9riques et le management des entreprises. Nous aidons les organisations, professionnels et \u00e9tudiants \u00e0 renforcer leurs capacit\u00e9s \u00e0 travers des conseils strat\u00e9giques et la formation professionnelles en analyse de donn\u00e9es, la cybers\u00e9curit\u00e9, le mark\u00e9ting digital, les syst\u00e8mes d\u2019information et le management des organisations. Pr\u00e9sent dans deux pays d\u2019Afrique de l\u2019Ouest notamment le Burkina Faso et la C\u00f4te d\u2019Ivoire, notre cabinet s\u2019engage \u00e0 offrir des solutions innovantes et adapt\u00e9es aux d\u00e9fis actuels des entreprises et institutions africaines..<\/p>\n<p>&nbsp;<\/p>\n<p>[\/et_pb_text][\/et_pb_column][et_pb_column type=\u00a0\u00bb1_2&Prime; _builder_version=\u00a0\u00bb4.21.0&Prime; _module_preset=\u00a0\u00bbdefault\u00a0\u00bb global_colors_info=\u00a0\u00bb{}\u00a0\u00bb][et_pb_image src=\u00a0\u00bbhttps:\/\/mayadigit.com\/wp-content\/uploads\/2023\/10\/marketing-numerique-entreprise-utilisant-croissance-donnees-financement-vente-tablettes-numeriques-icones-interface-banque-finance-strategie-commerciale-reseau-commercial-mondial-scaled.jpg\u00a0\u00bb title_text=\u00a0\u00bbDigital marketing, Business using Digital tablet finance and sal\u00a0\u00bb _builder_version=\u00a0\u00bb4.22.1&Prime; _module_preset=\u00a0\u00bbdefault\u00a0\u00bb custom_margin=\u00a0\u00bb|-7.5vw|-8vw||false|false\u00a0\u00bb custom_margin_tablet=\u00a0\u00bb|0%|||false|false\u00a0\u00bb custom_margin_phone=\u00a0\u00bb|0%|||false|false\u00a0\u00bb custom_margin_last_edited=\u00a0\u00bbon|desktop\u00a0\u00bb global_colors_info=\u00a0\u00bb{}\u00a0\u00bb][\/et_pb_image][\/et_pb_column][\/et_pb_row][et_pb_row column_structure=\u00a0\u00bb1_3,1_3,1_3&Prime; custom_padding_last_edited=\u00a0\u00bbon|desktop\u00a0\u00bb _builder_version=\u00a0\u00bb4.21.0&Prime; _module_preset=\u00a0\u00bbdefault\u00a0\u00bb use_background_color_gradient=\u00a0\u00bbon\u00a0\u00bb background_color_gradient_stops=\u00a0\u00bbgcid-05959b20-5052-4306-928c-1caa44cf406e 0%|#ffffff 65%\u00a0\u00bb z_index=\u00a0\u00bb9&Prime; width=\u00a0\u00bb90%\u00a0\u00bb custom_margin=\u00a0\u00bb||||false|false\u00a0\u00bb custom_padding=\u00a0\u00bb60px|60px|60px|60px|true|true\u00a0\u00bb custom_padding_tablet=\u00a0\u00bb30px|30px|30px|30px|true|true\u00a0\u00bb custom_padding_phone=\u00a0\u00bb20px|20px|20px|20px|true|true\u00a0\u00bb border_radii=\u00a0\u00bbon|10px|10px|10px|10px\u00a0\u00bb saved_tabs=\u00a0\u00bball\u00a0\u00bb locked=\u00a0\u00bboff\u00a0\u00bb global_colors_info=\u00a0\u00bb{%22gcid-b25270ff-80a4-43b3-b4f7-60812cb04374%22:%91%22arrows_custom_color%22,%22dot_nav_custom_color%22%93,%22gcid-815ebb39-646b-4c9a-a3e8-ce9c4b7f9e47%22:%91%22form_field_text_color%22,%22border_color_all%22,%22border_color_all_fields%22,%22header_text_color%22,%22body_text_color%22,%22meta_text_color%22%93,%22gcid-05959b20-5052-4306-928c-1caa44cf406e%22:%91%22background_color_gradient_stops%22%93}\u00a0\u00bb][et_pb_column type=\u00a0\u00bb1_3&Prime; _builder_version=\u00a0\u00bb4.21.0&Prime; _module_preset=\u00a0\u00bbdefault\u00a0\u00bb global_colors_info=\u00a0\u00bb{}\u00a0\u00bb][\/et_pb_column][et_pb_column type=\u00a0\u00bb1_3&Prime; _builder_version=\u00a0\u00bb4.21.0&Prime; _module_preset=\u00a0\u00bbdefault\u00a0\u00bb global_colors_info=\u00a0\u00bb{}\u00a0\u00bb][et_pb_text _builder_version=\u00a0\u00bb4.22.1&Prime; _module_preset=\u00a0\u00bb8c8c97c4-6903-4f94-a0cb-c3c3b9925646&Prime; width=\u00a0\u00bb187.3%\u00a0\u00bb custom_margin=\u00a0\u00bb|-687px||-240px||\u00a0\u00bb custom_padding=\u00a0\u00bb0px|||||\u00a0\u00bb global_colors_info=\u00a0\u00bb{}\u00a0\u00bb]<\/p>\n<p>MayaDigit consulting c&rsquo;est plus de 50\u00a0 experts disposant d\u2019une solide exp\u00e9rience dans les organismes internationaux, l\u2019administration publique et priv\u00e9e, les centre de recherche, les bureaux d\u2019\u00e9tude, mettant leur savoir-faire au d\u00e9veloppement durable et la croissance des entreprises.<\/p>\n<p>&nbsp;<\/p>\n<p>[\/et_pb_text][\/et_pb_column][et_pb_column type=\u00a0\u00bb1_3&Prime; _builder_version=\u00a0\u00bb4.21.0&Prime; _module_preset=\u00a0\u00bbdefault\u00a0\u00bb global_colors_info=\u00a0\u00bb{}\u00a0\u00bb][\/et_pb_column][\/et_pb_row][\/et_pb_section][et_pb_section fb_built=\u00a0\u00bb1&Prime; admin_label=\u00a0\u00bbPortfolio\u00a0\u00bb _builder_version=\u00a0\u00bb4.22.1&Prime; _module_preset=\u00a0\u00bbdefault\u00a0\u00bb hover_enabled=\u00a0\u00bb0&Prime; collapsed=\u00a0\u00bbon\u00a0\u00bb global_colors_info=\u00a0\u00bb{}\u00a0\u00bb background_color=\u00a0\u00bb#00208A\u00a0\u00bb sticky_enabled=\u00a0\u00bb0&Prime;][et_pb_row _builder_version=\u00a0\u00bb4.22.1&Prime; _module_preset=\u00a0\u00bbdefault\u00a0\u00bb background_color=\u00a0\u00bb#072593&Prime; max_width=\u00a0\u00bb720px\u00a0\u00bb hover_enabled=\u00a0\u00bb0&Prime; global_colors_info=\u00a0\u00bb{}\u00a0\u00bb sticky_enabled=\u00a0\u00bb0&Prime;][et_pb_column type=\u00a0\u00bb4_4&Prime; _builder_version=\u00a0\u00bb4.21.0&Prime; _module_preset=\u00a0\u00bbdefault\u00a0\u00bb global_colors_info=\u00a0\u00bb{}\u00a0\u00bb][et_pb_text _builder_version=\u00a0\u00bb4.22.1&Prime; _module_preset=\u00a0\u00bb4deba673-906e-402d-924f-a78ce301c911&Prime; background_color=\u00a0\u00bb#00208A\u00a0\u00bb text_orientation=\u00a0\u00bbcenter\u00a0\u00bb custom_margin=\u00a0\u00bb-2px||-3px|||\u00a0\u00bb global_colors_info=\u00a0\u00bb{}\u00a0\u00bb]<\/p>\n<blockquote>\n<ul>\n<li>\n<h4 class=\"et_pb_module_header\"><span style=\"color: #efefef;\">\u00a0 &#8211; Notre mission<\/span><\/h4>\n<div class=\"et_pb_blurb_description\">\n<p><span style=\"color: #efefef;\"><strong>Mission<\/strong> :<\/span><br \/><span style=\"color: #efefef;\">\u00ab\u00a0Accompagner les entreprises et organisations dans leur d\u00e9veloppement en offrant des solutions innovantes et adapt\u00e9es, bas\u00e9es sur l&rsquo;excellence et l\u2019orientation client.<\/span><\/p>\n<h4 class=\"et_pb_module_header\"><span style=\"color: #efefef;\">Notre vision<\/span><\/h4>\n<div class=\"et_pb_blurb_description\">\n<p><span style=\"color: #efefef;\"><strong>Vision\u00a0:<\/strong><\/span><\/p>\n<p><span style=\"color: #efefef;\">Devenir le cabinet de r\u00e9f\u00e9rence en Afrique de l\u2019Ouest, reconnu pour sa capacit\u00e9 \u00e0 transformer les d\u00e9fis des entreprises et organisations en opportunit\u00e9s durables.<\/span><\/p>\n<h4 class=\"et_pb_module_header\"><span style=\"color: #efefef;\">Nos valeurs<\/span><\/h4>\n<div class=\"et_pb_blurb_description\">\n<p><span style=\"color: #efefef;\"><strong>Innovation Continue<\/strong><\/span><\/p>\n<p><span style=\"color: #efefef;\"><strong>\u2013 Excellence \u2013 Qualit\u00e9 \u2013Orientation client &#8211;<\/strong><\/span><\/p>\n<p><span style=\"color: #efefef;\"><strong>Innovation Continue<\/strong><\/span><\/p>\n<\/div>\n<\/div>\n<p><span style=\"color: #efefef;\"><strong><\/strong><\/span><\/p>\n<p><span style=\"color: #efefef;\"><strong><\/strong><\/span><\/p>\n<\/div>\n<\/li>\n<\/ul>\n<\/blockquote>\n<p>[\/et_pb_text][\/et_pb_column][\/et_pb_row][et_pb_row _builder_version=\u00a0\u00bb4.22.1&Prime; _module_preset=\u00a0\u00bbdefault\u00a0\u00bb][et_pb_column _builder_version=\u00a0\u00bb4.22.1&Prime; _module_preset=\u00a0\u00bbdefault\u00a0\u00bb type=\u00a0\u00bb4_4&Prime;][et_pb_blurb image=\u00a0\u00bbhttps:\/\/mayadigit.com\/wp-content\/uploads\/2025\/07\/DSC_9277.jpg\u00a0\u00bb _builder_version=\u00a0\u00bb4.22.1&Prime; _module_preset=\u00a0\u00bbdefault\u00a0\u00bb title_text=\u00a0\u00bbDSC_9277&Prime; hover_enabled=\u00a0\u00bb0&Prime; sticky_enabled=\u00a0\u00bb0&Prime;]<\/p>\n<p><span style=\"color: #e8e8e8; font-size: xx-large;\">NOTRE LIGNE EDITORIALE<\/span><strong><\/strong><\/p>\n<p><span style=\"color: #0de2d4; font-size: x-large;\"><strong>Une vision tourn\u00e9e vers l\u2019avenir<\/strong><\/span><\/p>\n<p><span style=\"color: #eaeaea;\">Nous croyons que l\u2019avenir appartient \u00e0 ceux qui osent innover aujourd\u2019hui. Dans un monde o\u00f9 les avanc\u00e9es technologiques red\u00e9finissent constamment les r\u00e8gles du jeu, il est imp\u00e9ratif d\u2019anticiper les \u00e9volutions pour rester \u00e0 la pointe et transformer les d\u00e9fis en opportunit\u00e9s.<\/span><\/p>\n<p><span style=\"color: #eaeaea;\">Nous suivons de pr\u00e8s les innovations technologiques pour int\u00e9grer les outils et strat\u00e9gies les plus r\u00e9cents dans nos solutions. Intelligence artificielle, big data, automatisation ou encore r\u00e9alit\u00e9 augment\u00e9e, nous veillons \u00e0 rester \u00e0 l\u2019avant-garde des avanc\u00e9es pour offrir \u00e0 nos clients un avantage comp\u00e9titif d\u00e9cisif.<\/span><\/p>\n<p><span style=\"color: #eaeaea;\">La transformation digitale est un processus \u00e9volutif. Chez Mayadigit Consulting, nous accompagnons nos partenaires pour qu\u2019ils puissent non seulement s\u2019adapter aux changements, mais aussi les anticiper. Notre objectif est de garantir que nos clients restent leaders dans leur secteur, peu importe la vitesse des mutations technologiques et \u00e9conomiques.<\/span><\/p>\n<blockquote>\n<p><span style=\"color: #0de2d4; font-size: large;\"><strong>L\u2019importance de la transformation digitale<\/strong><\/span><\/p>\n<\/blockquote>\n<p><span style=\"color: #eaeaea;\">Dans un monde de plus en plus interconnect\u00e9 et comp\u00e9titif, la transformation digitale n\u2019est plus une option, mais une n\u00e9cessit\u00e9 pour toutes les entreprises et organisations, quel que soit leur secteur d\u2019activit\u00e9. Chez Mayadigit Consulting, nous comprenons que cette transformation repr\u00e9sente bien plus qu\u2019une simple adoption de nouvelles technologies : c\u2019est un levier strat\u00e9gique pour innover, optimiser et prosp\u00e9rer dans l\u2019\u00e9conomie num\u00e9rique actuelle.<\/span><\/p>\n<p><span style=\"color: #eaeaea;\">\u00a0<\/span><\/p>\n<p><span style=\"color: #eaeaea;\">La digitalisation permet de simplifier et d\u2019optimiser les op\u00e9rations internes. Qu\u2019il s\u2019agisse de la gestion des ressources humaines, des finances ou de la cha\u00eene d\u2019approvisionnement, les outils num\u00e9riques r\u00e9duisent les inefficacit\u00e9s et renforcent la prise de d\u00e9cision gr\u00e2ce \u00e0 des analyses bas\u00e9es sur les donn\u00e9es.<\/span><\/p>\n<p><span style=\"color: #eaeaea;\">\u00a0<\/span><span style=\"color: #0de2d4; font-size: large;\">La formation continue : un levier strat\u00e9gique pour le progr\u00e8s et l&rsquo;innovation<\/span><\/p>\n<p><span style=\"color: #eaeaea;\">Dans un environnement professionnel en constante \u00e9volution, la formation continue est essentielle pour rester comp\u00e9titif et pertinent. Elle permet aux individus et aux organisations d\u2019acqu\u00e9rir de nouvelles comp\u00e9tences, de s\u2019adapter aux avanc\u00e9es technologiques et de r\u00e9pondre efficacement aux d\u00e9fis du march\u00e9.<\/span><\/p>\n<p><span style=\"color: #eaeaea;\">\u00a0<\/span><\/p>\n<p><span style=\"color: #eaeaea;\">En investissant dans le d\u00e9veloppement des talents, les entreprises stimulent l\u2019innovation, augmentent la productivit\u00e9 et renforcent l\u2019engagement des collaborateurs. La formation continue favorise \u00e9galement une culture d\u2019apprentissage, essentielle pour anticiper les changements et saisir de nouvelles opportunit\u00e9s.<\/span><\/p>\n<p><span style=\"color: #eaeaea;\">\u00a0<\/span><\/p>\n<p><span style=\"color: #eaeaea;\">Chez Mayadigit Consulting, nous croyons que le savoir est un levier strat\u00e9gique. En proposant des programmes de formation adapt\u00e9s, nous aidons nos partenaires \u00e0 transformer leurs \u00e9quipes en acteurs cl\u00e9s du changement et du progr\u00e8s durable<\/span>.<\/p>\n<p>.<\/p>\n<p>[\/et_pb_blurb][\/et_pb_column][\/et_pb_row][\/et_pb_section]<\/p>\n","protected":false},"excerpt":{"rendered":"<p>Qui sommes-nous\u00a0? Mayadigit consulting est un cabinet de conseil et de formation sp\u00e9cialis\u00e9 dans le domaine des technologies num\u00e9riques et le management des entreprises. Nous aidons les organisations, professionnels et \u00e9tudiants \u00e0 renforcer leurs capacit\u00e9s \u00e0 travers des conseils strat\u00e9giques et la formation professionnelles en analyse de donn\u00e9es, la cybers\u00e9curit\u00e9, le mark\u00e9ting digital, les syst\u00e8mes [&hellip;]<\/p>\n","protected":false},"author":1,"featured_media":0,"parent":0,"menu_order":0,"comment_status":"closed","ping_status":"closed","template":"","meta":{"_et_pb_use_builder":"on","_et_pb_old_content":"<!-- wp:divi\/placeholder \/-->","_et_gb_content_width":"","om_disable_all_campaigns":false,"_monsterinsights_skip_tracking":false,"_monsterinsights_sitenote_active":false,"_monsterinsights_sitenote_note":"","_monsterinsights_sitenote_category":0,"footnotes":""},"aioseo_notices":[],"_links":{"self":[{"href":"https:\/\/mayadigit.com\/index.php\/wp-json\/wp\/v2\/pages\/34"}],"collection":[{"href":"https:\/\/mayadigit.com\/index.php\/wp-json\/wp\/v2\/pages"}],"about":[{"href":"https:\/\/mayadigit.com\/index.php\/wp-json\/wp\/v2\/types\/page"}],"author":[{"embeddable":true,"href":"https:\/\/mayadigit.com\/index.php\/wp-json\/wp\/v2\/users\/1"}],"replies":[{"embeddable":true,"href":"https:\/\/mayadigit.com\/index.php\/wp-json\/wp\/v2\/comments?post=34"}],"version-history":[{"count":11,"href":"https:\/\/mayadigit.com\/index.php\/wp-json\/wp\/v2\/pages\/34\/revisions"}],"predecessor-version":[{"id":2952,"href":"https:\/\/mayadigit.com\/index.php\/wp-json\/wp\/v2\/pages\/34\/revisions\/2952"}],"wp:attachment":[{"href":"https:\/\/mayadigit.com\/index.php\/wp-json\/wp\/v2\/media?parent=34"}],"curies":[{"name":"wp","href":"https:\/\/api.w.org\/{rel}","templated":true}]}}